{"id":36,"date":"2024-01-23T10:27:14","date_gmt":"2024-01-23T09:27:14","guid":{"rendered":"https:\/\/sargames.org\/?page_id=36"},"modified":"2025-07-25T13:46:44","modified_gmt":"2025-07-25T11:46:44","slug":"historien","status":"publish","type":"page","link":"https:\/\/sargames.org\/?page_id=36","title":{"rendered":"Historien"},"content":{"rendered":"\n<div class=\"wp-block-group alignfull has-accent-background-color has-background is-layout-constrained wp-container-core-group-is-layout-669513ed wp-block-group-is-layout-constrained\" style=\"margin-top:0;margin-bottom:0;padding-top:var(--wp--preset--spacing--50);padding-right:var(--wp--preset--spacing--50);padding-bottom:var(--wp--preset--spacing--50);padding-left:var(--wp--preset--spacing--50)\">\n<div class=\"wp-block-columns alignwide is-layout-flex wp-container-core-columns-is-layout-1da03c2a wp-block-columns-is-layout-flex\">\n<div class=\"wp-block-column is-vertically-aligned-stretch is-layout-flow wp-block-column-is-layout-flow\" style=\"flex-basis:50%\">\n<div class=\"wp-block-group is-vertical is-content-justification-stretch is-layout-flex wp-container-core-group-is-layout-444d5ee8 wp-block-group-is-layout-flex\" style=\"min-height:100%\">\n<p class=\"has-heading-font-family has-x-large-font-size\" style=\"line-height:1.2\">Svelvik R\u00f8de kors holdt en konkuranse hvert \u00e5r fra 1975 til 2012. Den gangen var Svelvik R\u00f8de Kors en del av Vestfold, men lag fra hele landet ble invitert. <\/p>\n\n\n\n<p>En av de f\u00f8rst \u00e5rene var premien til vinnerene en bamse som ble kj\u00f8pt inn, denne bamsen var av &#8220;Colargol&#8221; og dermed ble konkuransen hetet &#8220;Colargol&#8221; siden.<\/p>\n\n\n\n<p>i 2023 startet Svelvik R\u00f8de Kors \u00e5 vurdere \u00e5 holde denne konkuransen igjen. Vi pr\u00f8vde \u00e5 bruke det gamle navnet, men dette ble ikke godkjent av noen, s\u00e5 vi ble n\u00f8dt til \u00e5 gi konkuransen et nytt navn. &#8220;Svelvik R\u00f8de Kors SAR Games&#8221;.<\/p>\n\n\n\n<div class=\"wp-block-group is-layout-constrained wp-block-group-is-layout-constrained\">\n<p class=\"wp-container-content-0733e5d0\">i 2024 startet vi opp igjen med konkuranse nummer 39 i rekken. s\u00e5 n\u00e5 er vi klare for nummer 41 i 2026.<\/p>\n<\/div>\n<\/div>\n<\/div>\n\n\n\n<div class=\"wp-block-column is-vertically-aligned-center is-layout-flow wp-block-column-is-layout-flow\" style=\"flex-basis:50%\">\n<figure data-wp-context=\"{&quot;imageId&quot;:&quot;69fc6457366f8&quot;}\" data-wp-interactive=\"core\/image\" data-wp-key=\"69fc6457366f8\" class=\"wp-block-image aligncenter size-full is-resized has-custom-border is-style-rounded wp-lightbox-container\"><img fetchpriority=\"high\" decoding=\"async\" width=\"560\" height=\"455\" data-wp-class--hide=\"state.isContentHidden\" data-wp-class--show=\"state.isContentVisible\" data-wp-init=\"callbacks.setButtonStyles\" data-wp-on--click=\"actions.showLightbox\" data-wp-on--load=\"callbacks.setButtonStyles\" data-wp-on-window--resize=\"callbacks.setButtonStyles\" src=\"https:\/\/sargames.org\/wp-content\/uploads\/2024\/01\/hvem-husker-e1706001738425.png\" alt=\"\" class=\"wp-image-37\" style=\"border-width:6px;border-radius:10px;aspect-ratio:1;object-fit:cover;width:399px;height:auto\" srcset=\"https:\/\/sargames.org\/wp-content\/uploads\/2024\/01\/hvem-husker-e1706001738425.png 560w, https:\/\/sargames.org\/wp-content\/uploads\/2024\/01\/hvem-husker-e1706001738425-300x244.png 300w\" sizes=\"(max-width: 560px) 100vw, 560px\" \/><button\n\t\t\tclass=\"lightbox-trigger\"\n\t\t\ttype=\"button\"\n\t\t\taria-haspopup=\"dialog\"\n\t\t\taria-label=\"Enlarge\"\n\t\t\tdata-wp-init=\"callbacks.initTriggerButton\"\n\t\t\tdata-wp-on--click=\"actions.showLightbox\"\n\t\t\tdata-wp-style--right=\"state.imageButtonRight\"\n\t\t\tdata-wp-style--top=\"state.imageButtonTop\"\n\t\t>\n\t\t\t<svg xmlns=\"http:\/\/www.w3.org\/2000\/svg\" width=\"12\" height=\"12\" fill=\"none\" viewBox=\"0 0 12 12\">\n\t\t\t\t<path fill=\"#fff\" d=\"M2 0a2 2 0 0 0-2 2v2h1.5V2a.5.5 0 0 1 .5-.5h2V0H2Zm2 10.5H2a.5.5 0 0 1-.5-.5V8H0v2a2 2 0 0 0 2 2h2v-1.5ZM8 12v-1.5h2a.5.5 0 0 0 .5-.5V8H12v2a2 2 0 0 1-2 2H8Zm2-12a2 2 0 0 1 2 2v2h-1.5V2a.5.5 0 0 0-.5-.5H8V0h2Z\" \/>\n\t\t\t<\/svg>\n\t\t<\/button><\/figure>\n<\/div>\n<\/div>\n<\/div>\n\n\n\n<div class=\"wp-block-group alignfull is-layout-constrained wp-container-core-group-is-layout-d89aad35 wp-block-group-is-layout-constrained\" style=\"margin-top:0;margin-bottom:0;padding-top:var(--wp--preset--spacing--50);padding-right:var(--wp--preset--spacing--50);padding-bottom:var(--wp--preset--spacing--50);padding-left:var(--wp--preset--spacing--50)\">\n<div class=\"wp-block-group alignwide has-base-2-background-color has-background is-layout-flow wp-block-group-is-layout-flow\" style=\"border-radius:16px;padding-top:var(--wp--preset--spacing--50);padding-right:var(--wp--preset--spacing--50);padding-bottom:var(--wp--preset--spacing--50);padding-left:var(--wp--preset--spacing--50)\">\n<p class=\"has-text-align-center\">2024<\/p>\n\n\n\n<p>Her er er noen f\u00e5 bilder.<\/p>\n\n\n\n<div style=\"height:var(--wp--preset--spacing--10)\" aria-hidden=\"true\" class=\"wp-block-spacer\"><\/div>\n\n\n\n<div class=\"wp-block-group alignwide is-content-justification-center is-layout-flex wp-container-core-group-is-layout-f95ffa09 wp-block-group-is-layout-flex\" style=\"padding-top:0;padding-right:0;padding-bottom:0;padding-left:0\">\n<figure class=\"wp-block-image size-large is-resized\"><img decoding=\"async\" width=\"1024\" height=\"1024\" src=\"https:\/\/sargames.org\/wp-content\/uploads\/2024\/08\/1000016624-01-1024x1024.jpeg\" alt=\"\" class=\"wp-image-148\" style=\"aspect-ratio:4\/3;object-fit:contain;width:150px\" srcset=\"https:\/\/sargames.org\/wp-content\/uploads\/2024\/08\/1000016624-01-1024x1024.jpeg 1024w, https:\/\/sargames.org\/wp-content\/uploads\/2024\/08\/1000016624-01-300x300.jpeg 300w, https:\/\/sargames.org\/wp-content\/uploads\/2024\/08\/1000016624-01-150x150.jpeg 150w, https:\/\/sargames.org\/wp-content\/uploads\/2024\/08\/1000016624-01-768x768.jpeg 768w, https:\/\/sargames.org\/wp-content\/uploads\/2024\/08\/1000016624-01-1536x1536.jpeg 1536w, https:\/\/sargames.org\/wp-content\/uploads\/2024\/08\/1000016624-01.jpeg 1868w\" sizes=\"(max-width: 1024px) 100vw, 1024px\" \/><\/figure>\n\n\n\n<figure class=\"wp-block-image size-large is-resized\"><img decoding=\"async\" width=\"1024\" height=\"1024\" src=\"https:\/\/sargames.org\/wp-content\/uploads\/2024\/08\/1000017592-01-1024x1024.jpeg\" alt=\"\" class=\"wp-image-149\" style=\"aspect-ratio:4\/3;object-fit:contain;width:150px\" srcset=\"https:\/\/sargames.org\/wp-content\/uploads\/2024\/08\/1000017592-01-1024x1024.jpeg 1024w, https:\/\/sargames.org\/wp-content\/uploads\/2024\/08\/1000017592-01-300x300.jpeg 300w, https:\/\/sargames.org\/wp-content\/uploads\/2024\/08\/1000017592-01-150x150.jpeg 150w, https:\/\/sargames.org\/wp-content\/uploads\/2024\/08\/1000017592-01-768x768.jpeg 768w, https:\/\/sargames.org\/wp-content\/uploads\/2024\/08\/1000017592-01.jpeg 1080w\" sizes=\"(max-width: 1024px) 100vw, 1024px\" \/><\/figure>\n\n\n\n<figure class=\"wp-block-image size-large is-resized\"><img loading=\"lazy\" decoding=\"async\" width=\"1024\" height=\"1024\" src=\"https:\/\/sargames.org\/wp-content\/uploads\/2024\/08\/1000017642-01-1024x1024.jpeg\" alt=\"\" class=\"wp-image-151\" style=\"aspect-ratio:4\/3;object-fit:contain;width:150px\" srcset=\"https:\/\/sargames.org\/wp-content\/uploads\/2024\/08\/1000017642-01-1024x1024.jpeg 1024w, https:\/\/sargames.org\/wp-content\/uploads\/2024\/08\/1000017642-01-300x300.jpeg 300w, https:\/\/sargames.org\/wp-content\/uploads\/2024\/08\/1000017642-01-150x150.jpeg 150w, https:\/\/sargames.org\/wp-content\/uploads\/2024\/08\/1000017642-01-768x768.jpeg 768w, https:\/\/sargames.org\/wp-content\/uploads\/2024\/08\/1000017642-01.jpeg 1381w\" sizes=\"(max-width: 1024px) 100vw, 1024px\" \/><\/figure>\n\n\n\n<figure class=\"wp-block-image size-large is-resized\"><img loading=\"lazy\" decoding=\"async\" width=\"1024\" height=\"1024\" src=\"https:\/\/sargames.org\/wp-content\/uploads\/2024\/08\/1000016663-01-1024x1024.jpeg\" alt=\"\" class=\"wp-image-152\" style=\"aspect-ratio:4\/3;object-fit:contain;width:150px\" srcset=\"https:\/\/sargames.org\/wp-content\/uploads\/2024\/08\/1000016663-01-1024x1024.jpeg 1024w, https:\/\/sargames.org\/wp-content\/uploads\/2024\/08\/1000016663-01-300x300.jpeg 300w, https:\/\/sargames.org\/wp-content\/uploads\/2024\/08\/1000016663-01-150x150.jpeg 150w, https:\/\/sargames.org\/wp-content\/uploads\/2024\/08\/1000016663-01-768x768.jpeg 768w, https:\/\/sargames.org\/wp-content\/uploads\/2024\/08\/1000016663-01-1536x1536.jpeg 1536w, https:\/\/sargames.org\/wp-content\/uploads\/2024\/08\/1000016663-01-2048x2048.jpeg 2048w\" sizes=\"(max-width: 1024px) 100vw, 1024px\" \/><\/figure>\n\n\n\n<figure class=\"wp-block-image size-large is-resized\"><img loading=\"lazy\" decoding=\"async\" width=\"1024\" height=\"1022\" src=\"https:\/\/sargames.org\/wp-content\/uploads\/2024\/08\/1000017666-01-1024x1022.jpeg\" alt=\"\" class=\"wp-image-153\" style=\"aspect-ratio:4\/3;object-fit:contain;width:150px\" srcset=\"https:\/\/sargames.org\/wp-content\/uploads\/2024\/08\/1000017666-01-1024x1022.jpeg 1024w, https:\/\/sargames.org\/wp-content\/uploads\/2024\/08\/1000017666-01-300x300.jpeg 300w, https:\/\/sargames.org\/wp-content\/uploads\/2024\/08\/1000017666-01-150x150.jpeg 150w, https:\/\/sargames.org\/wp-content\/uploads\/2024\/08\/1000017666-01-768x767.jpeg 768w, https:\/\/sargames.org\/wp-content\/uploads\/2024\/08\/1000017666-01-1536x1533.jpeg 1536w, https:\/\/sargames.org\/wp-content\/uploads\/2024\/08\/1000017666-01.jpeg 1740w\" sizes=\"(max-width: 1024px) 100vw, 1024px\" \/><\/figure>\n<\/div>\n<\/div>\n\n\n\n<div class=\"wp-block-group alignwide has-base-2-background-color has-background is-layout-flow wp-block-group-is-layout-flow\" style=\"border-radius:16px;padding-top:var(--wp--preset--spacing--50);padding-right:var(--wp--preset--spacing--50);padding-bottom:var(--wp--preset--spacing--50);padding-left:var(--wp--preset--spacing--50)\">\n<p class=\"has-text-align-center\">2025<\/p>\n\n\n\n<p>Her er er noen f\u00e5 bilder.<\/p>\n\n\n\n<div style=\"height:var(--wp--preset--spacing--10)\" aria-hidden=\"true\" class=\"wp-block-spacer\"><\/div>\n\n\n\n<div class=\"wp-block-group alignwide is-content-justification-center is-layout-flex wp-container-core-group-is-layout-f95ffa09 wp-block-group-is-layout-flex\" style=\"padding-top:0;padding-right:0;padding-bottom:0;padding-left:0\">\n<figure class=\"wp-block-image size-large is-resized\"><img decoding=\"async\" src=\"https:\/\/sargames.org\/wp-content\/uploads\/2025\/07\/IMG_20250426_164113403-768x1024.jpg\" alt=\"\" class=\"wp-image-334\" style=\"aspect-ratio:4\/3;object-fit:contain;width:150px\"\/><\/figure>\n\n\n\n<figure class=\"wp-block-image size-large is-resized\"><img loading=\"lazy\" decoding=\"async\" width=\"768\" height=\"1024\" src=\"https:\/\/sargames.org\/wp-content\/uploads\/2025\/07\/IMG_20250426_150653440-768x1024.webp\" alt=\"\" class=\"wp-image-341\" style=\"aspect-ratio:4\/3;object-fit:contain;width:150px\" srcset=\"https:\/\/sargames.org\/wp-content\/uploads\/2025\/07\/IMG_20250426_150653440-768x1024.webp 768w, https:\/\/sargames.org\/wp-content\/uploads\/2025\/07\/IMG_20250426_150653440-225x300.webp 225w, https:\/\/sargames.org\/wp-content\/uploads\/2025\/07\/IMG_20250426_150653440-1152x1536.webp 1152w, https:\/\/sargames.org\/wp-content\/uploads\/2025\/07\/IMG_20250426_150653440-scaled.webp 1440w\" sizes=\"(max-width: 768px) 100vw, 768px\" \/><\/figure>\n\n\n\n<figure class=\"wp-block-image size-large is-resized\"><img loading=\"lazy\" decoding=\"async\" width=\"768\" height=\"1024\" src=\"https:\/\/sargames.org\/wp-content\/uploads\/2025\/07\/IMG_20250426_150613809-768x1024.webp\" alt=\"\" class=\"wp-image-342\" style=\"aspect-ratio:4\/3;object-fit:contain;width:150px\" srcset=\"https:\/\/sargames.org\/wp-content\/uploads\/2025\/07\/IMG_20250426_150613809-768x1024.webp 768w, https:\/\/sargames.org\/wp-content\/uploads\/2025\/07\/IMG_20250426_150613809-225x300.webp 225w, https:\/\/sargames.org\/wp-content\/uploads\/2025\/07\/IMG_20250426_150613809-1152x1536.webp 1152w, https:\/\/sargames.org\/wp-content\/uploads\/2025\/07\/IMG_20250426_150613809-scaled.webp 1440w\" sizes=\"(max-width: 768px) 100vw, 768px\" \/><\/figure>\n\n\n\n<figure class=\"wp-block-image size-large is-resized\"><img loading=\"lazy\" decoding=\"async\" width=\"1024\" height=\"576\" src=\"https:\/\/sargames.org\/wp-content\/uploads\/2025\/07\/David-Been_SAR-43-1024x576.webp\" alt=\"\" class=\"wp-image-353\" style=\"aspect-ratio:4\/3;object-fit:contain;width:150px\" srcset=\"https:\/\/sargames.org\/wp-content\/uploads\/2025\/07\/David-Been_SAR-43-1024x576.webp 1024w, https:\/\/sargames.org\/wp-content\/uploads\/2025\/07\/David-Been_SAR-43-300x169.webp 300w, https:\/\/sargames.org\/wp-content\/uploads\/2025\/07\/David-Been_SAR-43-768x432.webp 768w, https:\/\/sargames.org\/wp-content\/uploads\/2025\/07\/David-Been_SAR-43-1536x864.webp 1536w, https:\/\/sargames.org\/wp-content\/uploads\/2025\/07\/David-Been_SAR-43.webp 1920w\" sizes=\"(max-width: 1024px) 100vw, 1024px\" \/><\/figure>\n\n\n\n<figure class=\"wp-block-image size-large is-resized\"><img loading=\"lazy\" decoding=\"async\" width=\"1024\" height=\"478\" src=\"https:\/\/sargames.org\/wp-content\/uploads\/2025\/07\/20250425_202128-1024x478.webp\" alt=\"\" class=\"wp-image-347\" style=\"aspect-ratio:4\/3;object-fit:contain;width:150px\" srcset=\"https:\/\/sargames.org\/wp-content\/uploads\/2025\/07\/20250425_202128-1024x478.webp 1024w, https:\/\/sargames.org\/wp-content\/uploads\/2025\/07\/20250425_202128-300x140.webp 300w, https:\/\/sargames.org\/wp-content\/uploads\/2025\/07\/20250425_202128-768x359.webp 768w, https:\/\/sargames.org\/wp-content\/uploads\/2025\/07\/20250425_202128-1536x717.webp 1536w, https:\/\/sargames.org\/wp-content\/uploads\/2025\/07\/20250425_202128-scaled.webp 1920w\" sizes=\"(max-width: 1024px) 100vw, 1024px\" \/><\/figure>\n<\/div>\n<\/div>\n<\/div>\n\n\n\n<p><\/p>\n","protected":false},"excerpt":{"rendered":"<p>Svelvik R\u00f8de kors holdt en konkuranse hvert \u00e5r fra 1975 til 2012. Den gangen var Svelvik R\u00f8de Kors en del av Vestfold, men lag fra hele landet ble invitert. En av de f\u00f8rst \u00e5rene var premien til vinnerene en bamse som ble kj\u00f8pt inn, denne bamsen var av &#8220;Colargol&#8221; og dermed ble konkuransen hetet &#8220;Colargol&#8221; [&hellip;]<\/p>\n","protected":false},"author":1,"featured_media":0,"parent":11,"menu_order":0,"comment_status":"closed","ping_status":"closed","template":"","meta":{"footnotes":""},"class_list":["post-36","page","type-page","status-publish","hentry"],"_links":{"self":[{"href":"https:\/\/sargames.org\/index.php?rest_route=\/wp\/v2\/pages\/36","targetHints":{"allow":["GET"]}}],"collection":[{"href":"https:\/\/sargames.org\/index.php?rest_route=\/wp\/v2\/pages"}],"about":[{"href":"https:\/\/sargames.org\/index.php?rest_route=\/wp\/v2\/types\/page"}],"author":[{"embeddable":true,"href":"https:\/\/sargames.org\/index.php?rest_route=\/wp\/v2\/users\/1"}],"replies":[{"embeddable":true,"href":"https:\/\/sargames.org\/index.php?rest_route=%2Fwp%2Fv2%2Fcomments&post=36"}],"version-history":[{"count":10,"href":"https:\/\/sargames.org\/index.php?rest_route=\/wp\/v2\/pages\/36\/revisions"}],"predecessor-version":[{"id":387,"href":"https:\/\/sargames.org\/index.php?rest_route=\/wp\/v2\/pages\/36\/revisions\/387"}],"up":[{"embeddable":true,"href":"https:\/\/sargames.org\/index.php?rest_route=\/wp\/v2\/pages\/11"}],"wp:attachment":[{"href":"https:\/\/sargames.org\/index.php?rest_route=%2Fwp%2Fv2%2Fmedia&parent=36"}],"curies":[{"name":"wp","href":"https:\/\/api.w.org\/{rel}","templated":true}]}}