{"id":79,"date":"2024-01-25T13:34:29","date_gmt":"2024-01-25T12:34:29","guid":{"rendered":"https:\/\/sargames.org\/?page_id=79"},"modified":"2025-09-15T20:54:46","modified_gmt":"2025-09-15T18:54:46","slug":"svelvik-rode-kors-sar-games","status":"publish","type":"page","link":"https:\/\/sargames.org\/?page_id=79","title":{"rendered":"Hva er"},"content":{"rendered":"\n<p><strong>Svelvik R\u00f8de Kors SAR Games<\/strong><\/p>\n\n\n\n<p class=\"has-text-align-center\">24-26 April 2026<\/p>\n\n\n\n<p>Svelvik R\u00f8de Kors bygger videre p\u00e5 sin stolte tradisjon, tidligere kalt \u00abColargol\u00bb. Vi inviterer v\u00e5re<\/p>\n\n\n\n<p>nabokorps, og andre FORF-medlemmer i omr\u00e5det. Vi \u00e5pner ogs\u00e5 for \u00abveteranlag\u00bb av tidligere FORF-<br>mannskap som har lyst \u00e5 pr\u00f8ve seg mot dagens mannskap.<\/p>\n\n\n\n<p>Konkurransen g\u00e5r over en helg, fra fredag ettermiddag til s\u00f8ndag morgen.<br>V\u00e5rt motto er:<\/p>\n\n\n\n<blockquote class=\"wp-block-quote is-layout-flow wp-block-quote-is-layout-flow\">\n<p>SAR Games, for morsom erfaring og vennskap<\/p>\n<\/blockquote>\n\n\n\n<p>Det er viktig for oss, at denne helgen er for ALLE, aspiranter, helt ferske, mannskap som har v\u00e6rt med<br>i mange \u00e5r, og veteraner (mannskaper som ikke lenger er aktive). M\u00e5let med helgen er at alle skal<br>l\u00e6re nye ting, m\u00f8te nye folk, ha det g\u00f8y! Vi \u00f8nsker \u00e5 bygge broer og \u00f8ke beredskapen i v\u00e5rt omr\u00e5de.<br>Det ER lov \u00e5 sende A-Laget hvis dere har lyst til det\u2026 men vi har ogs\u00e5 et stort behov for dommere og<br>stab, s\u00e5 det er ogs\u00e5 love \u00e5 bruke slikt mannskap til dette.<br>Det er lov \u00e5 sende flere lag fra samme korps\/lag\/organisasjon. <br>mannskap p\u00e5 lag\/Reserve).<br>Vi skal pr\u00f8ve \u00e5 organisere slik at alle som har lyst f\u00e5r v\u00e6re med, men vi m\u00e5 kunne prioritere hvis det<br>blir for mange p\u00e5meldte.<\/p>\n\n\n\n<h2 class=\"wp-block-heading\">Slik blir helgen<br><\/h2>\n\n\n\n<p><strong>SAR Fredag<\/strong><br>Fredag ettermiddag\/kveld er en del-konkurranse innenfor S\u00f8k og Redning. Det blir en<br>\u00aborienteringsl\u00f8ype\u00bb, der laget m\u00e5 bevege seg fra post til post. Det vil IKKE l\u00f8nne seg \u00e5 l\u00f8pe denne<br>l\u00f8ypen, da det ikke handler om \u00e5 komme f\u00f8rst fram. Det blir rundt 10 poster som lagene skal gjennom<br>i l\u00f8pet av kvelden. Hver post vil inneholde en oppgave for laget, der postene generelt handler om<br>teknikker og kunnskaper som mannskaper i FORF skal kunne. (orientering, n\u00f8dnett, b\u00e5reb\u00e6ring,<br>fins\u00f8k, grovs\u00f8k, men kan ogs\u00e5 inneholde generelle kunnskaper som kanskje speidere er bedre kjent<br>for \u00e5 mestre). P\u00e5 hver post vil det v\u00e6re minst 1 dommer, og lagene f\u00e5r poenger for hver oppgave l\u00f8st.<br>&#8211;disse postene er med p\u00e5 DM for de lagene som deltar i DM for sin region.<br>Uniformsplikt p\u00e5 denne oppgaven, minimum en \u00abvest\u00bb for din organisasjon.<\/p>\n\n\n\n<p><\/p>\n\n\n\n<p><strong>F\u00f8rstehjelp L\u00f8rdag<\/strong><br>L\u00f8rdag morgen er den en del-konkurranse innenfor f\u00f8rstehjelp. Det vil bli rundt 10 poster med<br>forskjellige \u00abcaser\u00bb innenfor f\u00f8rstehjelp. Casene kan v\u00e6re alt fra flis i fingeren til flystyrt. Noen caser<br>vil v\u00e6re en person som f\u00f8ler seg d\u00e5rlig, mens andre vil v\u00e6re skader, og kanskje til og med<br>masseskade. Det gjelder \u00e5 holde hodene kalde, samarbeide og l\u00f8se oppgavene p\u00e5 best mulig m\u00e5te.<br>&#8211;disse postene er med p\u00e5 DM for de lagene som deltar i DM for sin region<br>Uniformsplikt p\u00e5 denne oppgaven, minimum en \u00abvest\u00bb for din organisasjon.<br><\/p>\n\n\n\n<p><strong>Galla Middag<\/strong><br>Etter f\u00f8rstehjelp-l\u00f8ypen M\u00c5 alle skifte til sivilt t\u00f8y, resten av helgen er det IKKE lov \u00e5 bruke uniformer<br>eller vester med logo p\u00e5.<br>Det blir servert middag (detaljer vil f\u00f8lge). Det er her lov \u00e5 ta med egen drikke. (det blir servert<br>softdrinks og vann)<br>Under middagen blir vinnere av DM annonsert, for de regioner som holder denne konkurransen<br>denne helgen.<\/p>\n\n\n\n<p><br><strong>Sosiale Poster<br><\/strong>Etter at middagen er spist opp, vil det bli noen \u00absosiale\u00bb poster. Lagene samles igjen, og det blir fra 1-<br>4 poster i umiddelbar n\u00e6rhet til middags lokalet.<br>Postene l\u00f8ses av lagene, og poeng deles ut av dommere.<br>N\u00e5r alle er ferdige med alle sosiale poster blir SAR Games 2024 vinnerne annonsert.<\/p>\n\n\n\n<p><br>S<strong>\u00f8ndag Frokost og Avreise<br><\/strong>P\u00e5 s\u00f8ndag morgen blir det servert frokost. Vi h\u00e5per alle fikk sove godt, slik at de er klare til hjemreise<br>litt utp\u00e5 s\u00f8ndagen.<\/p>\n\n\n\n<h2 class=\"wp-block-heading\"><br>Denne helgen\/konkurransen vil bygge p\u00e5 4 pilarer:<\/h2>\n\n\n\n<blockquote class=\"wp-block-quote is-layout-flow wp-block-quote-is-layout-flow\">\n<p>S\u00f8k og Redning (fredag)<br>F\u00f8rstehjelp (l\u00f8rdag)<br>L\u00e6ring<br>Sosial Moro<\/p>\n<\/blockquote>\n\n\n\n<h2 class=\"wp-block-heading\">Dette er en Lag konkurranse<\/h2>\n\n\n\n<h3 class=\"wp-block-heading\"> og et lag best\u00e5r av:<\/h3>\n\n\n\n<blockquote class=\"wp-block-quote is-layout-flow wp-block-quote-is-layout-flow\">\n<p><br>4 Mannskap (et lag kan og m\u00e5 ha 4 deltakere)<br>1 Dommer (et lag kan stille med en eller flere dommere)<br>1 Reserve (et lag kan stille med en reserve)<br><\/p>\n<\/blockquote>\n\n\n\n<p>Det viktigste med helgen er at man l\u00e6rer masse, og at man har det g\u00f8y sammen med venner og<br>kollegaer i FORF familien.<\/p>\n\n\n\n<figure class=\"wp-block-gallery has-nested-images columns-default is-cropped wp-block-gallery-1 is-layout-flex wp-block-gallery-is-layout-flex\">\n<figure class=\"wp-block-image size-large\"><img fetchpriority=\"high\" decoding=\"async\" width=\"1024\" height=\"1024\" data-id=\"143\" src=\"https:\/\/sargames.org\/wp-content\/uploads\/2024\/08\/1000017657-01-1024x1024.jpeg\" alt=\"\" class=\"wp-image-143\" srcset=\"https:\/\/sargames.org\/wp-content\/uploads\/2024\/08\/1000017657-01-1024x1024.jpeg 1024w, https:\/\/sargames.org\/wp-content\/uploads\/2024\/08\/1000017657-01-300x300.jpeg 300w, https:\/\/sargames.org\/wp-content\/uploads\/2024\/08\/1000017657-01-150x150.jpeg 150w, https:\/\/sargames.org\/wp-content\/uploads\/2024\/08\/1000017657-01-768x768.jpeg 768w, https:\/\/sargames.org\/wp-content\/uploads\/2024\/08\/1000017657-01.jpeg 1400w\" sizes=\"(max-width: 1024px) 100vw, 1024px\" \/><figcaption class=\"wp-element-caption\">F\u00f8rstehjelp post bak Shell<\/figcaption><\/figure>\n\n\n\n<figure class=\"wp-block-image size-large\"><img decoding=\"async\" width=\"869\" height=\"869\" data-id=\"144\" src=\"https:\/\/sargames.org\/wp-content\/uploads\/2024\/08\/1000017658-01.jpeg\" alt=\"\" class=\"wp-image-144\" srcset=\"https:\/\/sargames.org\/wp-content\/uploads\/2024\/08\/1000017658-01.jpeg 869w, https:\/\/sargames.org\/wp-content\/uploads\/2024\/08\/1000017658-01-300x300.jpeg 300w, https:\/\/sargames.org\/wp-content\/uploads\/2024\/08\/1000017658-01-150x150.jpeg 150w, https:\/\/sargames.org\/wp-content\/uploads\/2024\/08\/1000017658-01-768x768.jpeg 768w\" sizes=\"(max-width: 869px) 100vw, 869px\" \/><\/figure>\n\n\n\n<figure class=\"wp-block-image size-large\"><img decoding=\"async\" width=\"902\" height=\"899\" data-id=\"145\" src=\"https:\/\/sargames.org\/wp-content\/uploads\/2024\/08\/1000017660-01.jpeg\" alt=\"\" class=\"wp-image-145\" srcset=\"https:\/\/sargames.org\/wp-content\/uploads\/2024\/08\/1000017660-01.jpeg 902w, https:\/\/sargames.org\/wp-content\/uploads\/2024\/08\/1000017660-01-300x300.jpeg 300w, https:\/\/sargames.org\/wp-content\/uploads\/2024\/08\/1000017660-01-150x150.jpeg 150w, https:\/\/sargames.org\/wp-content\/uploads\/2024\/08\/1000017660-01-768x765.jpeg 768w\" sizes=\"(max-width: 902px) 100vw, 902px\" \/><\/figure>\n\n\n\n<figure class=\"wp-block-image size-large\"><img loading=\"lazy\" decoding=\"async\" width=\"1024\" height=\"1024\" data-id=\"142\" src=\"https:\/\/sargames.org\/wp-content\/uploads\/2024\/08\/1000017656-02-1024x1024.jpeg\" alt=\"\" class=\"wp-image-142\" srcset=\"https:\/\/sargames.org\/wp-content\/uploads\/2024\/08\/1000017656-02-1024x1024.jpeg 1024w, https:\/\/sargames.org\/wp-content\/uploads\/2024\/08\/1000017656-02-300x300.jpeg 300w, https:\/\/sargames.org\/wp-content\/uploads\/2024\/08\/1000017656-02-150x150.jpeg 150w, https:\/\/sargames.org\/wp-content\/uploads\/2024\/08\/1000017656-02-768x768.jpeg 768w, https:\/\/sargames.org\/wp-content\/uploads\/2024\/08\/1000017656-02-1536x1536.jpeg 1536w, https:\/\/sargames.org\/wp-content\/uploads\/2024\/08\/1000017656-02-2048x2048.jpeg 2048w\" sizes=\"(max-width: 1024px) 100vw, 1024px\" \/><\/figure>\n\n\n\n<figure class=\"wp-block-image size-large\"><img loading=\"lazy\" decoding=\"async\" width=\"1024\" height=\"1022\" data-id=\"140\" src=\"https:\/\/sargames.org\/wp-content\/uploads\/2024\/08\/1000017654-01-1024x1022.jpeg\" alt=\"\" class=\"wp-image-140\" srcset=\"https:\/\/sargames.org\/wp-content\/uploads\/2024\/08\/1000017654-01-1024x1022.jpeg 1024w, https:\/\/sargames.org\/wp-content\/uploads\/2024\/08\/1000017654-01-300x300.jpeg 300w, https:\/\/sargames.org\/wp-content\/uploads\/2024\/08\/1000017654-01-150x150.jpeg 150w, https:\/\/sargames.org\/wp-content\/uploads\/2024\/08\/1000017654-01-768x767.jpeg 768w, https:\/\/sargames.org\/wp-content\/uploads\/2024\/08\/1000017654-01-1536x1533.jpeg 1536w, https:\/\/sargames.org\/wp-content\/uploads\/2024\/08\/1000017654-01.jpeg 1749w\" sizes=\"(max-width: 1024px) 100vw, 1024px\" \/><figcaption class=\"wp-element-caption\">Dommer i full sving<\/figcaption><\/figure>\n\n\n\n<figure class=\"wp-block-image size-large\"><img loading=\"lazy\" decoding=\"async\" width=\"1024\" height=\"1024\" data-id=\"139\" src=\"https:\/\/sargames.org\/wp-content\/uploads\/2024\/08\/1000017652-03-1024x1024.jpeg\" alt=\"\" class=\"wp-image-139\" srcset=\"https:\/\/sargames.org\/wp-content\/uploads\/2024\/08\/1000017652-03-1024x1024.jpeg 1024w, https:\/\/sargames.org\/wp-content\/uploads\/2024\/08\/1000017652-03-300x300.jpeg 300w, https:\/\/sargames.org\/wp-content\/uploads\/2024\/08\/1000017652-03-150x150.jpeg 150w, https:\/\/sargames.org\/wp-content\/uploads\/2024\/08\/1000017652-03-768x768.jpeg 768w, https:\/\/sargames.org\/wp-content\/uploads\/2024\/08\/1000017652-03.jpeg 1121w\" sizes=\"(max-width: 1024px) 100vw, 1024px\" \/><\/figure>\n<\/figure>\n","protected":false},"excerpt":{"rendered":"<p>Svelvik R\u00f8de Kors SAR Games 24-26 April 2026 Svelvik R\u00f8de Kors bygger videre p\u00e5 sin stolte tradisjon, tidligere kalt \u00abColargol\u00bb. Vi inviterer v\u00e5re nabokorps, og andre FORF-medlemmer i omr\u00e5det. Vi \u00e5pner ogs\u00e5 for \u00abveteranlag\u00bb av tidligere FORF-mannskap som har lyst \u00e5 pr\u00f8ve seg mot dagens mannskap. Konkurransen g\u00e5r over en helg, fra fredag ettermiddag til [&hellip;]<\/p>\n","protected":false},"author":1,"featured_media":87,"parent":11,"menu_order":0,"comment_status":"closed","ping_status":"closed","template":"","meta":{"footnotes":""},"class_list":["post-79","page","type-page","status-publish","has-post-thumbnail","hentry"],"_links":{"self":[{"href":"https:\/\/sargames.org\/index.php?rest_route=\/wp\/v2\/pages\/79","targetHints":{"allow":["GET"]}}],"collection":[{"href":"https:\/\/sargames.org\/index.php?rest_route=\/wp\/v2\/pages"}],"about":[{"href":"https:\/\/sargames.org\/index.php?rest_route=\/wp\/v2\/types\/page"}],"author":[{"embeddable":true,"href":"https:\/\/sargames.org\/index.php?rest_route=\/wp\/v2\/users\/1"}],"replies":[{"embeddable":true,"href":"https:\/\/sargames.org\/index.php?rest_route=%2Fwp%2Fv2%2Fcomments&post=79"}],"version-history":[{"count":5,"href":"https:\/\/sargames.org\/index.php?rest_route=\/wp\/v2\/pages\/79\/revisions"}],"predecessor-version":[{"id":419,"href":"https:\/\/sargames.org\/index.php?rest_route=\/wp\/v2\/pages\/79\/revisions\/419"}],"up":[{"embeddable":true,"href":"https:\/\/sargames.org\/index.php?rest_route=\/wp\/v2\/pages\/11"}],"wp:featuredmedia":[{"embeddable":true,"href":"https:\/\/sargames.org\/index.php?rest_route=\/wp\/v2\/media\/87"}],"wp:attachment":[{"href":"https:\/\/sargames.org\/index.php?rest_route=%2Fwp%2Fv2%2Fmedia&parent=79"}],"curies":[{"name":"wp","href":"https:\/\/api.w.org\/{rel}","templated":true}]}}